{"id":2124,"date":"2022-11-10T10:34:27","date_gmt":"2022-11-10T09:34:27","guid":{"rendered":"https:\/\/lacolere.ch\/product\/stylish-black-shirt\/"},"modified":"2022-11-30T17:35:40","modified_gmt":"2022-11-30T16:35:40","slug":"white-sand-shirt","status":"publish","type":"product","link":"https:\/\/lacolere.ch\/fr\/produit\/white-sand-shirt\/","title":{"rendered":"\u00c9lectrum Design T-Shirt"},"content":{"rendered":"","protected":false},"excerpt":{"rendered":"<p>Oversize Unisex disponibles en S et M.<br \/>\nT-shirts en coton organique fabriqu\u00e9s au Bangladesh dans un circuit \u00e9thique et \u00e9quitable. Vous pouvez scanner le QR code sur l&rsquo;\u00e9tiquette et d\u00e9couvrir l&rsquo;\u00e9quipe et les personnes qui ont fabriqu\u00e9 le t-shirt.<br \/>\nLes T-shirts sont s\u00e9rigraphi\u00e9s \u00e0 Gen\u00e8ve par Baxter S\u00e9rigraphie.<\/p>\n<h1 style=\"margin-bottom: 0;\"><strong>35.-<\/strong><\/h1>\n<p>Tailles: S \/ M \/<br \/>\nCouleurs: White Sand\/Green et Black\/White<\/p>\n<p><a class=\"btn\" href=\"https:\/\/lacolere.bandcamp.com\/merch\/la-col-re-lectrum-design\" target=\"_blank\" rel=\"noopener\">Acheter maintenant<\/a><\/p>\n","protected":false},"featured_media":2134,"comment_status":"closed","ping_status":"closed","template":"","meta":{"inline_featured_image":false},"product_cat":[52],"product_tag":[],"class_list":{"0":"post-2124","1":"product","2":"type-product","3":"status-publish","4":"has-post-thumbnail","6":"product_cat-t-shirts-fr","8":"first","9":"instock","10":"shipping-taxable","11":"purchasable","12":"product-type-simple"},"yoast_head":"<!-- This site is optimized with the Yoast SEO plugin v23.6 - https:\/\/yoast.com\/wordpress\/plugins\/seo\/ -->\n<title>\u00c9lectrum Design T-Shirt - La Col\u00e8re Music<\/title>\n<meta name=\"robots\" content=\"index, follow, max-snippet:-1, max-image-preview:large, max-video-preview:-1\" \/>\n<link rel=\"canonical\" href=\"https:\/\/lacolere.ch\/fr\/produit\/white-sand-shirt\/\" \/>\n<meta property=\"og:locale\" content=\"fr_FR\" \/>\n<meta property=\"og:type\" content=\"article\" \/>\n<meta property=\"og:title\" content=\"\u00c9lectrum Design T-Shirt - La Col\u00e8re Music\" \/>\n<meta property=\"og:description\" content=\"Oversize Unisex disponibles en S et M. T-shirts en coton organique fabriqu\u00e9s au Bangladesh dans un circuit \u00e9thique et \u00e9quitable. Vous pouvez scanner le QR code sur l&#039;\u00e9tiquette et d\u00e9couvrir l&#039;\u00e9quipe et les personnes qui ont fabriqu\u00e9 le t-shirt. Les T-shirts sont s\u00e9rigraphi\u00e9s \u00e0 Gen\u00e8ve par Baxter S\u00e9rigraphie. 35.- Tailles: S \/ M \/ Couleurs: White Sand\/Green et Black\/White  Acheter maintenant\" \/>\n<meta property=\"og:url\" content=\"https:\/\/lacolere.ch\/fr\/produit\/white-sand-shirt\/\" \/>\n<meta property=\"og:site_name\" content=\"La Col\u00e8re Music\" \/>\n<meta property=\"article:publisher\" content=\"https:\/\/www.facebook.com\/lacoleremusic\/\" \/>\n<meta property=\"article:modified_time\" content=\"2022-11-30T16:35:40+00:00\" \/>\n<meta property=\"og:image\" content=\"https:\/\/lacolere.ch\/wp-content\/uploads\/2022\/11\/white_2-1024x1024.png\" \/>\n\t<meta property=\"og:image:width\" content=\"1024\" \/>\n\t<meta property=\"og:image:height\" content=\"1024\" \/>\n\t<meta property=\"og:image:type\" content=\"image\/png\" \/>\n<meta name=\"twitter:card\" content=\"summary_large_image\" \/>\n<script type=\"application\/ld+json\" class=\"yoast-schema-graph\">{\"@context\":\"https:\/\/schema.org\",\"@graph\":[{\"@type\":\"WebPage\",\"@id\":\"https:\/\/lacolere.ch\/fr\/produit\/white-sand-shirt\/\",\"url\":\"https:\/\/lacolere.ch\/fr\/produit\/white-sand-shirt\/\",\"name\":\"\u00c9lectrum Design T-Shirt - La Col\u00e8re Music\",\"isPartOf\":{\"@id\":\"https:\/\/lacolere.ch\/#website\"},\"primaryImageOfPage\":{\"@id\":\"https:\/\/lacolere.ch\/fr\/produit\/white-sand-shirt\/#primaryimage\"},\"image\":{\"@id\":\"https:\/\/lacolere.ch\/fr\/produit\/white-sand-shirt\/#primaryimage\"},\"thumbnailUrl\":\"https:\/\/lacolere.ch\/wp-content\/uploads\/2022\/11\/white_2.png\",\"datePublished\":\"2022-11-10T09:34:27+00:00\",\"dateModified\":\"2022-11-30T16:35:40+00:00\",\"breadcrumb\":{\"@id\":\"https:\/\/lacolere.ch\/fr\/produit\/white-sand-shirt\/#breadcrumb\"},\"inLanguage\":\"fr-FR\",\"potentialAction\":[{\"@type\":\"ReadAction\",\"target\":[\"https:\/\/lacolere.ch\/fr\/produit\/white-sand-shirt\/\"]}]},{\"@type\":\"ImageObject\",\"inLanguage\":\"fr-FR\",\"@id\":\"https:\/\/lacolere.ch\/fr\/produit\/white-sand-shirt\/#primaryimage\",\"url\":\"https:\/\/lacolere.ch\/wp-content\/uploads\/2022\/11\/white_2.png\",\"contentUrl\":\"https:\/\/lacolere.ch\/wp-content\/uploads\/2022\/11\/white_2.png\",\"width\":1920,\"height\":1920},{\"@type\":\"BreadcrumbList\",\"@id\":\"https:\/\/lacolere.ch\/fr\/produit\/white-sand-shirt\/#breadcrumb\",\"itemListElement\":[{\"@type\":\"ListItem\",\"position\":1,\"name\":\"Home\",\"item\":\"https:\/\/lacolere.ch\/fr\/\"},{\"@type\":\"ListItem\",\"position\":2,\"name\":\"Shop\",\"item\":\"https:\/\/lacolere.ch\/fr\/shop\/\"},{\"@type\":\"ListItem\",\"position\":3,\"name\":\"\u00c9lectrum Design T-Shirt\"}]},{\"@type\":\"WebSite\",\"@id\":\"https:\/\/lacolere.ch\/#website\",\"url\":\"https:\/\/lacolere.ch\/\",\"name\":\"La Col\u00e8re Music\",\"description\":\"Swiss Electropop artist and producer\",\"publisher\":{\"@id\":\"https:\/\/lacolere.ch\/#\/schema\/person\/ec9ac313fc1d93ead7159dca5f20a3c8\"},\"potentialAction\":[{\"@type\":\"SearchAction\",\"target\":{\"@type\":\"EntryPoint\",\"urlTemplate\":\"https:\/\/lacolere.ch\/?s={search_term_string}\"},\"query-input\":{\"@type\":\"PropertyValueSpecification\",\"valueRequired\":true,\"valueName\":\"search_term_string\"}}],\"inLanguage\":\"fr-FR\"},{\"@type\":[\"Person\",\"Organization\"],\"@id\":\"https:\/\/lacolere.ch\/#\/schema\/person\/ec9ac313fc1d93ead7159dca5f20a3c8\",\"name\":\"marceau\",\"image\":{\"@type\":\"ImageObject\",\"inLanguage\":\"fr-FR\",\"@id\":\"https:\/\/lacolere.ch\/#\/schema\/person\/image\/\",\"url\":\"https:\/\/lacolere.ch\/wp-content\/uploads\/2024\/10\/la_colere_logo.jpg\",\"contentUrl\":\"https:\/\/lacolere.ch\/wp-content\/uploads\/2024\/10\/la_colere_logo.jpg\",\"width\":400,\"height\":100,\"caption\":\"marceau\"},\"logo\":{\"@id\":\"https:\/\/lacolere.ch\/#\/schema\/person\/image\/\"},\"sameAs\":[\"https:\/\/www.facebook.com\/lacoleremusic\/\",\"https:\/\/www.instagram.com\/_____lacolere\/\"]}]}<\/script>\n<!-- \/ Yoast SEO plugin. -->","yoast_head_json":{"title":"\u00c9lectrum Design T-Shirt - La Col\u00e8re Music","robots":{"index":"index","follow":"follow","max-snippet":"max-snippet:-1","max-image-preview":"max-image-preview:large","max-video-preview":"max-video-preview:-1"},"canonical":"https:\/\/lacolere.ch\/fr\/produit\/white-sand-shirt\/","og_locale":"fr_FR","og_type":"article","og_title":"\u00c9lectrum Design T-Shirt - La Col\u00e8re Music","og_description":"Oversize Unisex disponibles en S et M. T-shirts en coton organique fabriqu\u00e9s au Bangladesh dans un circuit \u00e9thique et \u00e9quitable. Vous pouvez scanner le QR code sur l'\u00e9tiquette et d\u00e9couvrir l'\u00e9quipe et les personnes qui ont fabriqu\u00e9 le t-shirt. Les T-shirts sont s\u00e9rigraphi\u00e9s \u00e0 Gen\u00e8ve par Baxter S\u00e9rigraphie. 35.- Tailles: S \/ M \/ Couleurs: White Sand\/Green et Black\/White  Acheter maintenant","og_url":"https:\/\/lacolere.ch\/fr\/produit\/white-sand-shirt\/","og_site_name":"La Col\u00e8re Music","article_publisher":"https:\/\/www.facebook.com\/lacoleremusic\/","article_modified_time":"2022-11-30T16:35:40+00:00","og_image":[{"width":1024,"height":1024,"url":"https:\/\/lacolere.ch\/wp-content\/uploads\/2022\/11\/white_2-1024x1024.png","type":"image\/png"}],"twitter_card":"summary_large_image","schema":{"@context":"https:\/\/schema.org","@graph":[{"@type":"WebPage","@id":"https:\/\/lacolere.ch\/fr\/produit\/white-sand-shirt\/","url":"https:\/\/lacolere.ch\/fr\/produit\/white-sand-shirt\/","name":"\u00c9lectrum Design T-Shirt - La Col\u00e8re Music","isPartOf":{"@id":"https:\/\/lacolere.ch\/#website"},"primaryImageOfPage":{"@id":"https:\/\/lacolere.ch\/fr\/produit\/white-sand-shirt\/#primaryimage"},"image":{"@id":"https:\/\/lacolere.ch\/fr\/produit\/white-sand-shirt\/#primaryimage"},"thumbnailUrl":"https:\/\/lacolere.ch\/wp-content\/uploads\/2022\/11\/white_2.png","datePublished":"2022-11-10T09:34:27+00:00","dateModified":"2022-11-30T16:35:40+00:00","breadcrumb":{"@id":"https:\/\/lacolere.ch\/fr\/produit\/white-sand-shirt\/#breadcrumb"},"inLanguage":"fr-FR","potentialAction":[{"@type":"ReadAction","target":["https:\/\/lacolere.ch\/fr\/produit\/white-sand-shirt\/"]}]},{"@type":"ImageObject","inLanguage":"fr-FR","@id":"https:\/\/lacolere.ch\/fr\/produit\/white-sand-shirt\/#primaryimage","url":"https:\/\/lacolere.ch\/wp-content\/uploads\/2022\/11\/white_2.png","contentUrl":"https:\/\/lacolere.ch\/wp-content\/uploads\/2022\/11\/white_2.png","width":1920,"height":1920},{"@type":"BreadcrumbList","@id":"https:\/\/lacolere.ch\/fr\/produit\/white-sand-shirt\/#breadcrumb","itemListElement":[{"@type":"ListItem","position":1,"name":"Home","item":"https:\/\/lacolere.ch\/fr\/"},{"@type":"ListItem","position":2,"name":"Shop","item":"https:\/\/lacolere.ch\/fr\/shop\/"},{"@type":"ListItem","position":3,"name":"\u00c9lectrum Design T-Shirt"}]},{"@type":"WebSite","@id":"https:\/\/lacolere.ch\/#website","url":"https:\/\/lacolere.ch\/","name":"La Col\u00e8re Music","description":"Swiss Electropop artist and producer","publisher":{"@id":"https:\/\/lacolere.ch\/#\/schema\/person\/ec9ac313fc1d93ead7159dca5f20a3c8"},"potentialAction":[{"@type":"SearchAction","target":{"@type":"EntryPoint","urlTemplate":"https:\/\/lacolere.ch\/?s={search_term_string}"},"query-input":{"@type":"PropertyValueSpecification","valueRequired":true,"valueName":"search_term_string"}}],"inLanguage":"fr-FR"},{"@type":["Person","Organization"],"@id":"https:\/\/lacolere.ch\/#\/schema\/person\/ec9ac313fc1d93ead7159dca5f20a3c8","name":"marceau","image":{"@type":"ImageObject","inLanguage":"fr-FR","@id":"https:\/\/lacolere.ch\/#\/schema\/person\/image\/","url":"https:\/\/lacolere.ch\/wp-content\/uploads\/2024\/10\/la_colere_logo.jpg","contentUrl":"https:\/\/lacolere.ch\/wp-content\/uploads\/2024\/10\/la_colere_logo.jpg","width":400,"height":100,"caption":"marceau"},"logo":{"@id":"https:\/\/lacolere.ch\/#\/schema\/person\/image\/"},"sameAs":["https:\/\/www.facebook.com\/lacoleremusic\/","https:\/\/www.instagram.com\/_____lacolere\/"]}]}},"_links":{"self":[{"href":"https:\/\/lacolere.ch\/fr\/wp-json\/wp\/v2\/product\/2124"}],"collection":[{"href":"https:\/\/lacolere.ch\/fr\/wp-json\/wp\/v2\/product"}],"about":[{"href":"https:\/\/lacolere.ch\/fr\/wp-json\/wp\/v2\/types\/product"}],"replies":[{"embeddable":true,"href":"https:\/\/lacolere.ch\/fr\/wp-json\/wp\/v2\/comments?post=2124"}],"wp:featuredmedia":[{"embeddable":true,"href":"https:\/\/lacolere.ch\/fr\/wp-json\/wp\/v2\/media\/2134"}],"wp:attachment":[{"href":"https:\/\/lacolere.ch\/fr\/wp-json\/wp\/v2\/media?parent=2124"}],"wp:term":[{"taxonomy":"product_cat","embeddable":true,"href":"https:\/\/lacolere.ch\/fr\/wp-json\/wp\/v2\/product_cat?post=2124"},{"taxonomy":"product_tag","embeddable":true,"href":"https:\/\/lacolere.ch\/fr\/wp-json\/wp\/v2\/product_tag?post=2124"}],"curies":[{"name":"wp","href":"https:\/\/api.w.org\/{rel}","templated":true}]}}