{"id":1508,"date":"2019-11-13T06:04:21","date_gmt":"2019-11-13T06:04:21","guid":{"rendered":"https:\/\/lacolere.ch\/?page_id=1508"},"modified":"2025-04-10T10:09:56","modified_gmt":"2025-04-10T08:09:56","slug":"biography","status":"publish","type":"page","link":"https:\/\/lacolere.ch\/fr\/biography\/","title":{"rendered":"Biographie"},"content":{"rendered":"\t\t<div data-elementor-type=\"wp-page\" data-elementor-id=\"1508\" class=\"elementor elementor-1508 elementor-1022\">\n\t\t\t\t\t\t<section class=\"elementor-section elementor-top-section elementor-element elementor-element-a57332e elementor-section-boxed elementor-section-height-default elementor-section-height-default\" data-id=\"a57332e\" data-element_type=\"section\">\n\t\t\t\t\t\t<div class=\"elementor-container elementor-column-gap-default\">\n\t\t\t\t\t<div class=\"elementor-column elementor-col-100 elementor-top-column elementor-element elementor-element-4e23dd3\" data-id=\"4e23dd3\" data-element_type=\"column\">\n\t\t\t<div class=\"elementor-widget-wrap elementor-element-populated\">\n\t\t\t\t\t\t<section class=\"elementor-section elementor-inner-section elementor-element elementor-element-804cf12 elementor-section-boxed elementor-section-height-default elementor-section-height-default\" data-id=\"804cf12\" data-element_type=\"section\">\n\t\t\t\t\t\t<div class=\"elementor-container elementor-column-gap-default\">\n\t\t\t\t\t<div class=\"elementor-column elementor-col-50 elementor-inner-column elementor-element elementor-element-cc998cb\" data-id=\"cc998cb\" data-element_type=\"column\">\n\t\t\t<div class=\"elementor-widget-wrap elementor-element-populated\">\n\t\t\t\t\t\t<div class=\"elementor-element elementor-element-38e15f6 animated-fast elementor-invisible elementor-widget elementor-widget-text-editor\" data-id=\"38e15f6\" data-element_type=\"widget\" data-settings=\"{&quot;_animation&quot;:&quot;fadeInUp&quot;,&quot;_animation_delay&quot;:900}\" data-widget_type=\"text-editor.default\">\n\t\t\t\t<div class=\"elementor-widget-container\">\n\t\t\t\t\t\t\t<p>La col\u00e8re est une auteure-compositrice-interpr\u00e8te&nbsp;<span style=\"letter-spacing: 0.015em;\">et productrice de musique \u00e9lectronique bas\u00e9e en Suisse.<\/span><\/p>\n<p><span style=\"letter-spacing: 0.015em;\">La col\u00e8re commence \u00e0 gronder en novembre 2018 avec son premier EP&nbsp;<\/span><span style=\"letter-spacing: 0.015em;\">\u00abSurface\u00bb. Une production qui lui fait d\u2019embl\u00e9e gagner le Demotape&nbsp;<\/span><span style=\"letter-spacing: 0.015em;\">clinic Award dans la cat\u00e9gorie \u00e9lectronique au M4music festival \u00e0 Zurich.&nbsp;<\/span><span style=\"letter-spacing: 0.015em;\">Une r\u00e9compense qui la propulse sur les ondes des radios Suisses.<\/span><\/p>\n<p>Apr\u00e8s une tourn\u00e9e dans des festivals europ\u00e9ens d\u2019envergure:&nbsp;<span style=\"letter-spacing: 0.015em;\">Eurosonic, Reeperbahn, Sudwave, Caribana Festival, Antigel&nbsp;<\/span><span style=\"letter-spacing: 0.015em;\">festival&nbsp;<\/span><span style=\"letter-spacing: 0.015em;\">elle sort \u00ab La Vague \u00bb, son premier album, en janvier 2020, entrem\u00ealant&nbsp;<\/span><span style=\"letter-spacing: 0.015em;\">climat bal\u00e9arique et frissons inquiets avec des tubes r\u00e9tro futuristes comme&nbsp;<\/span><span style=\"letter-spacing: 0.015em;\">La Plage ou encore Eau Sal\u00e9e.&nbsp;<\/span><\/p>\n<p><span style=\"letter-spacing: 0.015em;\">Un nouvel EP sort en novembre 2022 port\u00e9 par 7 titres dont Rayon&nbsp;<\/span><span style=\"letter-spacing: 0.015em;\">et Tutti Quanti, qui lui permettent de devenir Inou\u00efs 2023 et de s\u2019inscrire&nbsp;<\/span><span style=\"letter-spacing: 0.015em;\">dans le paysage francophone.&nbsp;<\/span><\/p>\n<p><span style=\"letter-spacing: 0.015em;\">Sa synthpop subtilement eighties, dop\u00e9e&nbsp;<\/span><span style=\"letter-spacing: 0.015em;\">aux synth\u00e9tiseurs et au parl\u00e9 chant\u00e9s envo\u00fbtants invite litt\u00e9ralement au voyage, tout en gardant ce petit c\u00f4t\u00e9 glacial et digne cher aux Scandinaves de R\u00f6yksopp ou The Knife.&nbsp;<\/span><\/p>\n<p><span style=\"letter-spacing: 0.015em;\">Elle se singularise et explore un c\u00f4t\u00e9 plus dark, les BPM montent pour la sortie de son nouvel Album \u201cImages\u201d pr\u00e9vu en automne 2025. Le chaud, le froid, la douceur, La Col\u00e8re pr\u00e9sentera ses titres avec un nouveau live interactif immersif innovant sur les sc\u00e8nes suisses et europ\u00e9ennes.<\/span><\/p>\t\t\t\t\t\t<\/div>\n\t\t\t\t<\/div>\n\t\t\t\t\t<\/div>\n\t\t<\/div>\n\t\t\t\t<div class=\"elementor-column elementor-col-50 elementor-inner-column elementor-element elementor-element-2055064 elementor-hidden-desktop elementor-hidden-tablet\" data-id=\"2055064\" data-element_type=\"column\">\n\t\t\t<div class=\"elementor-widget-wrap elementor-element-populated\">\n\t\t\t\t\t\t<div class=\"elementor-element elementor-element-1477aa9 elementor-widget elementor-widget-image\" data-id=\"1477aa9\" data-element_type=\"widget\" data-widget_type=\"image.default\">\n\t\t\t\t<div class=\"elementor-widget-container\">\n\t\t\t\t\t\t\t\t\t\t\t\t\t<img fetchpriority=\"high\" decoding=\"async\" width=\"719\" height=\"1024\" src=\"https:\/\/lacolere.ch\/wp-content\/uploads\/2022\/04\/fond16-719x1024.jpg\" class=\"attachment-large size-large wp-image-1970\" alt=\"\" \/>\t\t\t\t\t\t\t\t\t\t\t\t\t<\/div>\n\t\t\t\t<\/div>\n\t\t\t\t\t<\/div>\n\t\t<\/div>\n\t\t\t\t\t<\/div>\n\t\t<\/section>\n\t\t\t\t\t<\/div>\n\t\t<\/div>\n\t\t\t\t\t<\/div>\n\t\t<\/section>\n\t\t\t\t<\/div>\n\t\t","protected":false},"excerpt":{"rendered":"<p>La col\u00e8re est une auteure-compositrice-interpr\u00e8te&nbsp;et productrice de musique \u00e9lectronique bas\u00e9e en Suisse. La col\u00e8re commence \u00e0 gronder en novembre 2018 avec son premier EP&nbsp;\u00abSurface\u00bb. Une production qui lui fait d\u2019embl\u00e9e gagner le Demotape&nbsp;clinic Award dans la cat\u00e9gorie \u00e9lectronique au M4music festival \u00e0 Zurich.&nbsp;Une r\u00e9compense qui la propulse sur les ondes des radios Suisses. Apr\u00e8s une [&hellip;]<\/p>\n","protected":false},"author":1,"featured_media":0,"parent":0,"menu_order":0,"comment_status":"closed","ping_status":"closed","template":"","meta":{"inline_featured_image":false,"footnotes":""},"class_list":["post-1508","page","type-page","status-publish","hentry"],"yoast_head":"<!-- This site is optimized with the Yoast SEO plugin v23.6 - https:\/\/yoast.com\/wordpress\/plugins\/seo\/ -->\n<title>Biographie - La Col\u00e8re Music<\/title>\n<meta name=\"robots\" content=\"index, follow, max-snippet:-1, max-image-preview:large, max-video-preview:-1\" \/>\n<link rel=\"canonical\" href=\"https:\/\/lacolere.ch\/fr\/biography\/\" \/>\n<meta property=\"og:locale\" content=\"fr_FR\" \/>\n<meta property=\"og:type\" content=\"article\" \/>\n<meta property=\"og:title\" content=\"Biographie - La Col\u00e8re Music\" \/>\n<meta property=\"og:description\" content=\"La col\u00e8re est une auteure-compositrice-interpr\u00e8te&nbsp;et productrice de musique \u00e9lectronique bas\u00e9e en Suisse. La col\u00e8re commence \u00e0 gronder en novembre 2018 avec son premier EP&nbsp;\u00abSurface\u00bb. Une production qui lui fait d\u2019embl\u00e9e gagner le Demotape&nbsp;clinic Award dans la cat\u00e9gorie \u00e9lectronique au M4music festival \u00e0 Zurich.&nbsp;Une r\u00e9compense qui la propulse sur les ondes des radios Suisses. Apr\u00e8s une [&hellip;]\" \/>\n<meta property=\"og:url\" content=\"https:\/\/lacolere.ch\/fr\/biography\/\" \/>\n<meta property=\"og:site_name\" content=\"La Col\u00e8re Music\" \/>\n<meta property=\"article:publisher\" content=\"https:\/\/www.facebook.com\/lacoleremusic\/\" \/>\n<meta property=\"article:modified_time\" content=\"2025-04-10T08:09:56+00:00\" \/>\n<meta property=\"og:image\" content=\"https:\/\/lacolere.ch\/wp-content\/uploads\/2022\/04\/fond16-719x1024.jpg\" \/>\n<meta name=\"twitter:card\" content=\"summary_large_image\" \/>\n<meta name=\"twitter:label1\" content=\"Dur\u00e9e de lecture estim\u00e9e\" \/>\n\t<meta name=\"twitter:data1\" content=\"2 minutes\" \/>\n<script type=\"application\/ld+json\" class=\"yoast-schema-graph\">{\"@context\":\"https:\/\/schema.org\",\"@graph\":[{\"@type\":\"WebPage\",\"@id\":\"https:\/\/lacolere.ch\/fr\/biography\/\",\"url\":\"https:\/\/lacolere.ch\/fr\/biography\/\",\"name\":\"Biographie - La Col\u00e8re Music\",\"isPartOf\":{\"@id\":\"https:\/\/lacolere.ch\/#website\"},\"primaryImageOfPage\":{\"@id\":\"https:\/\/lacolere.ch\/fr\/biography\/#primaryimage\"},\"image\":{\"@id\":\"https:\/\/lacolere.ch\/fr\/biography\/#primaryimage\"},\"thumbnailUrl\":\"https:\/\/lacolere.ch\/wp-content\/uploads\/2022\/04\/fond16-719x1024.jpg\",\"datePublished\":\"2019-11-13T06:04:21+00:00\",\"dateModified\":\"2025-04-10T08:09:56+00:00\",\"breadcrumb\":{\"@id\":\"https:\/\/lacolere.ch\/fr\/biography\/#breadcrumb\"},\"inLanguage\":\"fr-FR\",\"potentialAction\":[{\"@type\":\"ReadAction\",\"target\":[\"https:\/\/lacolere.ch\/fr\/biography\/\"]}]},{\"@type\":\"ImageObject\",\"inLanguage\":\"fr-FR\",\"@id\":\"https:\/\/lacolere.ch\/fr\/biography\/#primaryimage\",\"url\":\"https:\/\/lacolere.ch\/wp-content\/uploads\/2022\/04\/fond16-719x1024.jpg\",\"contentUrl\":\"https:\/\/lacolere.ch\/wp-content\/uploads\/2022\/04\/fond16-719x1024.jpg\"},{\"@type\":\"BreadcrumbList\",\"@id\":\"https:\/\/lacolere.ch\/fr\/biography\/#breadcrumb\",\"itemListElement\":[{\"@type\":\"ListItem\",\"position\":1,\"name\":\"Home\",\"item\":\"https:\/\/lacolere.ch\/fr\/\"},{\"@type\":\"ListItem\",\"position\":2,\"name\":\"Biographie\"}]},{\"@type\":\"WebSite\",\"@id\":\"https:\/\/lacolere.ch\/#website\",\"url\":\"https:\/\/lacolere.ch\/\",\"name\":\"La Col\u00e8re Music\",\"description\":\"Swiss Electropop artist and producer\",\"publisher\":{\"@id\":\"https:\/\/lacolere.ch\/#\/schema\/person\/ec9ac313fc1d93ead7159dca5f20a3c8\"},\"potentialAction\":[{\"@type\":\"SearchAction\",\"target\":{\"@type\":\"EntryPoint\",\"urlTemplate\":\"https:\/\/lacolere.ch\/?s={search_term_string}\"},\"query-input\":{\"@type\":\"PropertyValueSpecification\",\"valueRequired\":true,\"valueName\":\"search_term_string\"}}],\"inLanguage\":\"fr-FR\"},{\"@type\":[\"Person\",\"Organization\"],\"@id\":\"https:\/\/lacolere.ch\/#\/schema\/person\/ec9ac313fc1d93ead7159dca5f20a3c8\",\"name\":\"marceau\",\"image\":{\"@type\":\"ImageObject\",\"inLanguage\":\"fr-FR\",\"@id\":\"https:\/\/lacolere.ch\/#\/schema\/person\/image\/\",\"url\":\"https:\/\/lacolere.ch\/wp-content\/uploads\/2024\/10\/la_colere_logo.jpg\",\"contentUrl\":\"https:\/\/lacolere.ch\/wp-content\/uploads\/2024\/10\/la_colere_logo.jpg\",\"width\":400,\"height\":100,\"caption\":\"marceau\"},\"logo\":{\"@id\":\"https:\/\/lacolere.ch\/#\/schema\/person\/image\/\"},\"sameAs\":[\"https:\/\/www.facebook.com\/lacoleremusic\/\",\"https:\/\/www.instagram.com\/_____lacolere\/\"]}]}<\/script>\n<!-- \/ Yoast SEO plugin. -->","yoast_head_json":{"title":"Biographie - La Col\u00e8re Music","robots":{"index":"index","follow":"follow","max-snippet":"max-snippet:-1","max-image-preview":"max-image-preview:large","max-video-preview":"max-video-preview:-1"},"canonical":"https:\/\/lacolere.ch\/fr\/biography\/","og_locale":"fr_FR","og_type":"article","og_title":"Biographie - La Col\u00e8re Music","og_description":"La col\u00e8re est une auteure-compositrice-interpr\u00e8te&nbsp;et productrice de musique \u00e9lectronique bas\u00e9e en Suisse. La col\u00e8re commence \u00e0 gronder en novembre 2018 avec son premier EP&nbsp;\u00abSurface\u00bb. Une production qui lui fait d\u2019embl\u00e9e gagner le Demotape&nbsp;clinic Award dans la cat\u00e9gorie \u00e9lectronique au M4music festival \u00e0 Zurich.&nbsp;Une r\u00e9compense qui la propulse sur les ondes des radios Suisses. Apr\u00e8s une [&hellip;]","og_url":"https:\/\/lacolere.ch\/fr\/biography\/","og_site_name":"La Col\u00e8re Music","article_publisher":"https:\/\/www.facebook.com\/lacoleremusic\/","article_modified_time":"2025-04-10T08:09:56+00:00","og_image":[{"url":"https:\/\/lacolere.ch\/wp-content\/uploads\/2022\/04\/fond16-719x1024.jpg"}],"twitter_card":"summary_large_image","twitter_misc":{"Dur\u00e9e de lecture estim\u00e9e":"2 minutes"},"schema":{"@context":"https:\/\/schema.org","@graph":[{"@type":"WebPage","@id":"https:\/\/lacolere.ch\/fr\/biography\/","url":"https:\/\/lacolere.ch\/fr\/biography\/","name":"Biographie - La Col\u00e8re Music","isPartOf":{"@id":"https:\/\/lacolere.ch\/#website"},"primaryImageOfPage":{"@id":"https:\/\/lacolere.ch\/fr\/biography\/#primaryimage"},"image":{"@id":"https:\/\/lacolere.ch\/fr\/biography\/#primaryimage"},"thumbnailUrl":"https:\/\/lacolere.ch\/wp-content\/uploads\/2022\/04\/fond16-719x1024.jpg","datePublished":"2019-11-13T06:04:21+00:00","dateModified":"2025-04-10T08:09:56+00:00","breadcrumb":{"@id":"https:\/\/lacolere.ch\/fr\/biography\/#breadcrumb"},"inLanguage":"fr-FR","potentialAction":[{"@type":"ReadAction","target":["https:\/\/lacolere.ch\/fr\/biography\/"]}]},{"@type":"ImageObject","inLanguage":"fr-FR","@id":"https:\/\/lacolere.ch\/fr\/biography\/#primaryimage","url":"https:\/\/lacolere.ch\/wp-content\/uploads\/2022\/04\/fond16-719x1024.jpg","contentUrl":"https:\/\/lacolere.ch\/wp-content\/uploads\/2022\/04\/fond16-719x1024.jpg"},{"@type":"BreadcrumbList","@id":"https:\/\/lacolere.ch\/fr\/biography\/#breadcrumb","itemListElement":[{"@type":"ListItem","position":1,"name":"Home","item":"https:\/\/lacolere.ch\/fr\/"},{"@type":"ListItem","position":2,"name":"Biographie"}]},{"@type":"WebSite","@id":"https:\/\/lacolere.ch\/#website","url":"https:\/\/lacolere.ch\/","name":"La Col\u00e8re Music","description":"Swiss Electropop artist and producer","publisher":{"@id":"https:\/\/lacolere.ch\/#\/schema\/person\/ec9ac313fc1d93ead7159dca5f20a3c8"},"potentialAction":[{"@type":"SearchAction","target":{"@type":"EntryPoint","urlTemplate":"https:\/\/lacolere.ch\/?s={search_term_string}"},"query-input":{"@type":"PropertyValueSpecification","valueRequired":true,"valueName":"search_term_string"}}],"inLanguage":"fr-FR"},{"@type":["Person","Organization"],"@id":"https:\/\/lacolere.ch\/#\/schema\/person\/ec9ac313fc1d93ead7159dca5f20a3c8","name":"marceau","image":{"@type":"ImageObject","inLanguage":"fr-FR","@id":"https:\/\/lacolere.ch\/#\/schema\/person\/image\/","url":"https:\/\/lacolere.ch\/wp-content\/uploads\/2024\/10\/la_colere_logo.jpg","contentUrl":"https:\/\/lacolere.ch\/wp-content\/uploads\/2024\/10\/la_colere_logo.jpg","width":400,"height":100,"caption":"marceau"},"logo":{"@id":"https:\/\/lacolere.ch\/#\/schema\/person\/image\/"},"sameAs":["https:\/\/www.facebook.com\/lacoleremusic\/","https:\/\/www.instagram.com\/_____lacolere\/"]}]}},"_links":{"self":[{"href":"https:\/\/lacolere.ch\/fr\/wp-json\/wp\/v2\/pages\/1508"}],"collection":[{"href":"https:\/\/lacolere.ch\/fr\/wp-json\/wp\/v2\/pages"}],"about":[{"href":"https:\/\/lacolere.ch\/fr\/wp-json\/wp\/v2\/types\/page"}],"author":[{"embeddable":true,"href":"https:\/\/lacolere.ch\/fr\/wp-json\/wp\/v2\/users\/1"}],"replies":[{"embeddable":true,"href":"https:\/\/lacolere.ch\/fr\/wp-json\/wp\/v2\/comments?post=1508"}],"version-history":[{"count":70,"href":"https:\/\/lacolere.ch\/fr\/wp-json\/wp\/v2\/pages\/1508\/revisions"}],"predecessor-version":[{"id":2441,"href":"https:\/\/lacolere.ch\/fr\/wp-json\/wp\/v2\/pages\/1508\/revisions\/2441"}],"wp:attachment":[{"href":"https:\/\/lacolere.ch\/fr\/wp-json\/wp\/v2\/media?parent=1508"}],"curies":[{"name":"wp","href":"https:\/\/api.w.org\/{rel}","templated":true}]}}